{"id":4877,"date":"2022-04-27T13:50:30","date_gmt":"2022-04-27T13:50:30","guid":{"rendered":"https:\/\/amvrakikoscruises.gr\/group\/"},"modified":"2025-03-18T11:12:18","modified_gmt":"2025-03-18T11:12:18","slug":"skupina","status":"publish","type":"page","link":"https:\/\/amvrakikoscruises.gr\/cs\/skupina\/","title":{"rendered":"Skupina"},"content":{"rendered":"","protected":false},"excerpt":{"rendered":"","protected":false},"author":1,"featured_media":0,"parent":0,"menu_order":0,"comment_status":"closed","ping_status":"closed","template":"","meta":{"footnotes":""},"class_list":["post-4877","page","type-page","status-publish","hentry"],"yoast_head":"<!-- This site is optimized with the Yoast SEO plugin v24.8.1 - https:\/\/yoast.com\/wordpress\/plugins\/seo\/ -->\n<title>Skupina - Amvrakikos Cruises - \u039a\u03c1\u03bf\u03c5\u03b1\u03b6\u03b9\u03ad\u03c1\u03b1 \u03c3\u03c4\u03bf\u03bd \u0391\u03bc\u03b2\u03c1\u03b1\u03ba\u03b9\u03ba\u03cc \u039a\u03cc\u03bb\u03c0\u03bf<\/title>\n<meta name=\"robots\" content=\"index, follow, max-snippet:-1, max-image-preview:large, max-video-preview:-1\" \/>\n<link rel=\"canonical\" href=\"https:\/\/amvrakikoscruises.gr\/cs\/skupina\/\" \/>\n<meta property=\"og:locale\" content=\"cs_CZ\" \/>\n<meta property=\"og:type\" content=\"article\" \/>\n<meta property=\"og:title\" content=\"Skupina - Amvrakikos Cruises - \u039a\u03c1\u03bf\u03c5\u03b1\u03b6\u03b9\u03ad\u03c1\u03b1 \u03c3\u03c4\u03bf\u03bd \u0391\u03bc\u03b2\u03c1\u03b1\u03ba\u03b9\u03ba\u03cc \u039a\u03cc\u03bb\u03c0\u03bf\" \/>\n<meta property=\"og:url\" content=\"https:\/\/amvrakikoscruises.gr\/cs\/skupina\/\" \/>\n<meta property=\"og:site_name\" content=\"Amvrakikos Cruises - \u039a\u03c1\u03bf\u03c5\u03b1\u03b6\u03b9\u03ad\u03c1\u03b1 \u03c3\u03c4\u03bf\u03bd \u0391\u03bc\u03b2\u03c1\u03b1\u03ba\u03b9\u03ba\u03cc \u039a\u03cc\u03bb\u03c0\u03bf\" \/>\n<meta property=\"article:modified_time\" content=\"2025-03-18T11:12:18+00:00\" \/>\n<meta name=\"twitter:card\" content=\"summary_large_image\" \/>\n<meta name=\"twitter:label1\" content=\"Odhadovan\u00e1 doba \u010dten\u00ed\" \/>\n\t<meta name=\"twitter:data1\" content=\"4 minuty\" \/>\n<script type=\"application\/ld+json\" class=\"yoast-schema-graph\">{\"@context\":\"https:\/\/schema.org\",\"@graph\":[{\"@type\":\"WebPage\",\"@id\":\"https:\/\/amvrakikoscruises.gr\/cs\/skupina\/\",\"url\":\"https:\/\/amvrakikoscruises.gr\/cs\/skupina\/\",\"name\":\"Skupina - Amvrakikos Cruises - \u039a\u03c1\u03bf\u03c5\u03b1\u03b6\u03b9\u03ad\u03c1\u03b1 \u03c3\u03c4\u03bf\u03bd \u0391\u03bc\u03b2\u03c1\u03b1\u03ba\u03b9\u03ba\u03cc \u039a\u03cc\u03bb\u03c0\u03bf\",\"isPartOf\":{\"@id\":\"https:\/\/amvrakikoscruises.gr\/#website\"},\"datePublished\":\"2022-04-27T13:50:30+00:00\",\"dateModified\":\"2025-03-18T11:12:18+00:00\",\"breadcrumb\":{\"@id\":\"https:\/\/amvrakikoscruises.gr\/cs\/skupina\/#breadcrumb\"},\"inLanguage\":\"cs\",\"potentialAction\":[{\"@type\":\"ReadAction\",\"target\":[\"https:\/\/amvrakikoscruises.gr\/cs\/skupina\/\"]}]},{\"@type\":\"BreadcrumbList\",\"@id\":\"https:\/\/amvrakikoscruises.gr\/cs\/skupina\/#breadcrumb\",\"itemListElement\":[{\"@type\":\"ListItem\",\"position\":1,\"name\":\"Home\",\"item\":\"https:\/\/amvrakikoscruises.gr\/cs\/\"},{\"@type\":\"ListItem\",\"position\":2,\"name\":\"Skupina\"}]},{\"@type\":\"WebSite\",\"@id\":\"https:\/\/amvrakikoscruises.gr\/#website\",\"url\":\"https:\/\/amvrakikoscruises.gr\/\",\"name\":\"Amvrakikos Cruises - \u039a\u03c1\u03bf\u03c5\u03b1\u03b6\u03b9\u03ad\u03c1\u03b1 \u03c3\u03c4\u03bf\u03bd \u0391\u03bc\u03b2\u03c1\u03b1\u03ba\u03b9\u03ba\u03cc \u039a\u03cc\u03bb\u03c0\u03bf\",\"description\":\"Amvrakikos Cruises - \u039a\u03c1\u03bf\u03c5\u03b1\u03b6\u03b9\u03ad\u03c1\u03b1 \u03c3\u03c4\u03bf\u03bd \u0391\u03bc\u03b2\u03c1\u03b1\u03ba\u03b9\u03ba\u03cc \u039a\u03cc\u03bb\u03c0\u03bf\",\"potentialAction\":[{\"@type\":\"SearchAction\",\"target\":{\"@type\":\"EntryPoint\",\"urlTemplate\":\"https:\/\/amvrakikoscruises.gr\/?s={search_term_string}\"},\"query-input\":{\"@type\":\"PropertyValueSpecification\",\"valueRequired\":true,\"valueName\":\"search_term_string\"}}],\"inLanguage\":\"cs\"}]}<\/script>\n<!-- \/ Yoast SEO plugin. -->","yoast_head_json":{"title":"Skupina - Amvrakikos Cruises - \u039a\u03c1\u03bf\u03c5\u03b1\u03b6\u03b9\u03ad\u03c1\u03b1 \u03c3\u03c4\u03bf\u03bd \u0391\u03bc\u03b2\u03c1\u03b1\u03ba\u03b9\u03ba\u03cc \u039a\u03cc\u03bb\u03c0\u03bf","robots":{"index":"index","follow":"follow","max-snippet":"max-snippet:-1","max-image-preview":"max-image-preview:large","max-video-preview":"max-video-preview:-1"},"canonical":"https:\/\/amvrakikoscruises.gr\/cs\/skupina\/","og_locale":"cs_CZ","og_type":"article","og_title":"Skupina - Amvrakikos Cruises - \u039a\u03c1\u03bf\u03c5\u03b1\u03b6\u03b9\u03ad\u03c1\u03b1 \u03c3\u03c4\u03bf\u03bd \u0391\u03bc\u03b2\u03c1\u03b1\u03ba\u03b9\u03ba\u03cc \u039a\u03cc\u03bb\u03c0\u03bf","og_url":"https:\/\/amvrakikoscruises.gr\/cs\/skupina\/","og_site_name":"Amvrakikos Cruises - \u039a\u03c1\u03bf\u03c5\u03b1\u03b6\u03b9\u03ad\u03c1\u03b1 \u03c3\u03c4\u03bf\u03bd \u0391\u03bc\u03b2\u03c1\u03b1\u03ba\u03b9\u03ba\u03cc \u039a\u03cc\u03bb\u03c0\u03bf","article_modified_time":"2025-03-18T11:12:18+00:00","twitter_card":"summary_large_image","twitter_misc":{"Odhadovan\u00e1 doba \u010dten\u00ed":"4 minuty"},"schema":{"@context":"https:\/\/schema.org","@graph":[{"@type":"WebPage","@id":"https:\/\/amvrakikoscruises.gr\/cs\/skupina\/","url":"https:\/\/amvrakikoscruises.gr\/cs\/skupina\/","name":"Skupina - Amvrakikos Cruises - \u039a\u03c1\u03bf\u03c5\u03b1\u03b6\u03b9\u03ad\u03c1\u03b1 \u03c3\u03c4\u03bf\u03bd \u0391\u03bc\u03b2\u03c1\u03b1\u03ba\u03b9\u03ba\u03cc \u039a\u03cc\u03bb\u03c0\u03bf","isPartOf":{"@id":"https:\/\/amvrakikoscruises.gr\/#website"},"datePublished":"2022-04-27T13:50:30+00:00","dateModified":"2025-03-18T11:12:18+00:00","breadcrumb":{"@id":"https:\/\/amvrakikoscruises.gr\/cs\/skupina\/#breadcrumb"},"inLanguage":"cs","potentialAction":[{"@type":"ReadAction","target":["https:\/\/amvrakikoscruises.gr\/cs\/skupina\/"]}]},{"@type":"BreadcrumbList","@id":"https:\/\/amvrakikoscruises.gr\/cs\/skupina\/#breadcrumb","itemListElement":[{"@type":"ListItem","position":1,"name":"Home","item":"https:\/\/amvrakikoscruises.gr\/cs\/"},{"@type":"ListItem","position":2,"name":"Skupina"}]},{"@type":"WebSite","@id":"https:\/\/amvrakikoscruises.gr\/#website","url":"https:\/\/amvrakikoscruises.gr\/","name":"Amvrakikos Cruises - \u039a\u03c1\u03bf\u03c5\u03b1\u03b6\u03b9\u03ad\u03c1\u03b1 \u03c3\u03c4\u03bf\u03bd \u0391\u03bc\u03b2\u03c1\u03b1\u03ba\u03b9\u03ba\u03cc \u039a\u03cc\u03bb\u03c0\u03bf","description":"Amvrakikos Cruises - \u039a\u03c1\u03bf\u03c5\u03b1\u03b6\u03b9\u03ad\u03c1\u03b1 \u03c3\u03c4\u03bf\u03bd \u0391\u03bc\u03b2\u03c1\u03b1\u03ba\u03b9\u03ba\u03cc \u039a\u03cc\u03bb\u03c0\u03bf","potentialAction":[{"@type":"SearchAction","target":{"@type":"EntryPoint","urlTemplate":"https:\/\/amvrakikoscruises.gr\/?s={search_term_string}"},"query-input":{"@type":"PropertyValueSpecification","valueRequired":true,"valueName":"search_term_string"}}],"inLanguage":"cs"}]}},"_links":{"self":[{"href":"https:\/\/amvrakikoscruises.gr\/cs\/wp-json\/wp\/v2\/pages\/4877","targetHints":{"allow":["GET"]}}],"collection":[{"href":"https:\/\/amvrakikoscruises.gr\/cs\/wp-json\/wp\/v2\/pages"}],"about":[{"href":"https:\/\/amvrakikoscruises.gr\/cs\/wp-json\/wp\/v2\/types\/page"}],"author":[{"embeddable":true,"href":"https:\/\/amvrakikoscruises.gr\/cs\/wp-json\/wp\/v2\/users\/1"}],"replies":[{"embeddable":true,"href":"https:\/\/amvrakikoscruises.gr\/cs\/wp-json\/wp\/v2\/comments?post=4877"}],"version-history":[{"count":2,"href":"https:\/\/amvrakikoscruises.gr\/cs\/wp-json\/wp\/v2\/pages\/4877\/revisions"}],"predecessor-version":[{"id":4879,"href":"https:\/\/amvrakikoscruises.gr\/cs\/wp-json\/wp\/v2\/pages\/4877\/revisions\/4879"}],"wp:attachment":[{"href":"https:\/\/amvrakikoscruises.gr\/cs\/wp-json\/wp\/v2\/media?parent=4877"}],"curies":[{"name":"wp","href":"https:\/\/api.w.org\/{rel}","templated":true}]}}