{"id":5379,"date":"2026-02-01T21:05:41","date_gmt":"2026-02-01T21:05:41","guid":{"rendered":"https:\/\/amvrakikoscruises.gr\/?page_id=5379"},"modified":"2026-02-04T07:53:30","modified_gmt":"2026-02-04T07:53:30","slug":"prispevek-k-ochrane-ambrakickeho-zalivu","status":"publish","type":"page","link":"https:\/\/amvrakikoscruises.gr\/cs\/kdo-jsme\/prispevek-k-ochrane-ambrakickeho-zalivu\/","title":{"rendered":"P\u0159\u00edsp\u011bvek k ochran\u011b Ambrakick\u00e9ho z\u00e1livu"},"content":{"rendered":"","protected":false},"excerpt":{"rendered":"","protected":false},"author":1,"featured_media":5037,"parent":4881,"menu_order":0,"comment_status":"closed","ping_status":"closed","template":"..\/public\/views\/revslider-page-template.php","meta":{"footnotes":""},"class_list":["post-5379","page","type-page","status-publish","has-post-thumbnail","hentry"],"yoast_head":"<!-- This site is optimized with the Yoast SEO plugin v24.8.1 - https:\/\/yoast.com\/wordpress\/plugins\/seo\/ -->\n<title>P\u0159\u00edsp\u011bvek k ochran\u011b Ambrakick\u00e9ho z\u00e1livu - Amvrakikos Cruises - \u039a\u03c1\u03bf\u03c5\u03b1\u03b6\u03b9\u03ad\u03c1\u03b1 \u03c3\u03c4\u03bf\u03bd \u0391\u03bc\u03b2\u03c1\u03b1\u03ba\u03b9\u03ba\u03cc \u039a\u03cc\u03bb\u03c0\u03bf<\/title>\n<meta name=\"robots\" content=\"index, follow, max-snippet:-1, max-image-preview:large, max-video-preview:-1\" \/>\n<link rel=\"canonical\" href=\"https:\/\/amvrakikoscruises.gr\/cs\/kdo-jsme\/prispevek-k-ochrane-ambrakickeho-zalivu\/\" \/>\n<meta property=\"og:locale\" content=\"cs_CZ\" \/>\n<meta property=\"og:type\" content=\"article\" \/>\n<meta property=\"og:title\" content=\"P\u0159\u00edsp\u011bvek k ochran\u011b Ambrakick\u00e9ho z\u00e1livu - Amvrakikos Cruises - \u039a\u03c1\u03bf\u03c5\u03b1\u03b6\u03b9\u03ad\u03c1\u03b1 \u03c3\u03c4\u03bf\u03bd \u0391\u03bc\u03b2\u03c1\u03b1\u03ba\u03b9\u03ba\u03cc \u039a\u03cc\u03bb\u03c0\u03bf\" \/>\n<meta property=\"og:url\" content=\"https:\/\/amvrakikoscruises.gr\/cs\/kdo-jsme\/prispevek-k-ochrane-ambrakickeho-zalivu\/\" \/>\n<meta property=\"og:site_name\" content=\"Amvrakikos Cruises - \u039a\u03c1\u03bf\u03c5\u03b1\u03b6\u03b9\u03ad\u03c1\u03b1 \u03c3\u03c4\u03bf\u03bd \u0391\u03bc\u03b2\u03c1\u03b1\u03ba\u03b9\u03ba\u03cc \u039a\u03cc\u03bb\u03c0\u03bf\" \/>\n<meta property=\"article:modified_time\" content=\"2026-02-04T07:53:30+00:00\" \/>\n<meta property=\"og:image\" content=\"https:\/\/amvrakikoscruises.gr\/wp-content\/uploads\/2026\/02\/amvrakikos-hero-header.jpg\" \/>\n\t<meta property=\"og:image:width\" content=\"1920\" \/>\n\t<meta property=\"og:image:height\" content=\"900\" \/>\n\t<meta property=\"og:image:type\" content=\"image\/jpeg\" \/>\n<meta name=\"twitter:card\" content=\"summary_large_image\" \/>\n<script type=\"application\/ld+json\" class=\"yoast-schema-graph\">{\"@context\":\"https:\/\/schema.org\",\"@graph\":[{\"@type\":\"WebPage\",\"@id\":\"https:\/\/amvrakikoscruises.gr\/cs\/kdo-jsme\/prispevek-k-ochrane-ambrakickeho-zalivu\/\",\"url\":\"https:\/\/amvrakikoscruises.gr\/cs\/kdo-jsme\/prispevek-k-ochrane-ambrakickeho-zalivu\/\",\"name\":\"P\u0159\u00edsp\u011bvek k ochran\u011b Ambrakick\u00e9ho z\u00e1livu - Amvrakikos Cruises - \u039a\u03c1\u03bf\u03c5\u03b1\u03b6\u03b9\u03ad\u03c1\u03b1 \u03c3\u03c4\u03bf\u03bd \u0391\u03bc\u03b2\u03c1\u03b1\u03ba\u03b9\u03ba\u03cc \u039a\u03cc\u03bb\u03c0\u03bf\",\"isPartOf\":{\"@id\":\"https:\/\/amvrakikoscruises.gr\/#website\"},\"primaryImageOfPage\":{\"@id\":\"https:\/\/amvrakikoscruises.gr\/cs\/kdo-jsme\/prispevek-k-ochrane-ambrakickeho-zalivu\/#primaryimage\"},\"image\":{\"@id\":\"https:\/\/amvrakikoscruises.gr\/cs\/kdo-jsme\/prispevek-k-ochrane-ambrakickeho-zalivu\/#primaryimage\"},\"thumbnailUrl\":\"https:\/\/amvrakikoscruises.gr\/wp-content\/uploads\/2026\/02\/amvrakikos-hero-header.jpg\",\"datePublished\":\"2026-02-01T21:05:41+00:00\",\"dateModified\":\"2026-02-04T07:53:30+00:00\",\"breadcrumb\":{\"@id\":\"https:\/\/amvrakikoscruises.gr\/cs\/kdo-jsme\/prispevek-k-ochrane-ambrakickeho-zalivu\/#breadcrumb\"},\"inLanguage\":\"cs\",\"potentialAction\":[{\"@type\":\"ReadAction\",\"target\":[\"https:\/\/amvrakikoscruises.gr\/cs\/kdo-jsme\/prispevek-k-ochrane-ambrakickeho-zalivu\/\"]}]},{\"@type\":\"ImageObject\",\"inLanguage\":\"cs\",\"@id\":\"https:\/\/amvrakikoscruises.gr\/cs\/kdo-jsme\/prispevek-k-ochrane-ambrakickeho-zalivu\/#primaryimage\",\"url\":\"https:\/\/amvrakikoscruises.gr\/wp-content\/uploads\/2026\/02\/amvrakikos-hero-header.jpg\",\"contentUrl\":\"https:\/\/amvrakikoscruises.gr\/wp-content\/uploads\/2026\/02\/amvrakikos-hero-header.jpg\",\"width\":1920,\"height\":900},{\"@type\":\"BreadcrumbList\",\"@id\":\"https:\/\/amvrakikoscruises.gr\/cs\/kdo-jsme\/prispevek-k-ochrane-ambrakickeho-zalivu\/#breadcrumb\",\"itemListElement\":[{\"@type\":\"ListItem\",\"position\":1,\"name\":\"Home\",\"item\":\"https:\/\/amvrakikoscruises.gr\/cs\/\"},{\"@type\":\"ListItem\",\"position\":2,\"name\":\"Kdo jsme\",\"item\":\"https:\/\/amvrakikoscruises.gr\/cs\/kdo-jsme\/\"},{\"@type\":\"ListItem\",\"position\":3,\"name\":\"P\u0159\u00edsp\u011bvek k ochran\u011b Ambrakick\u00e9ho z\u00e1livu\"}]},{\"@type\":\"WebSite\",\"@id\":\"https:\/\/amvrakikoscruises.gr\/#website\",\"url\":\"https:\/\/amvrakikoscruises.gr\/\",\"name\":\"Amvrakikos Cruises - \u039a\u03c1\u03bf\u03c5\u03b1\u03b6\u03b9\u03ad\u03c1\u03b1 \u03c3\u03c4\u03bf\u03bd \u0391\u03bc\u03b2\u03c1\u03b1\u03ba\u03b9\u03ba\u03cc \u039a\u03cc\u03bb\u03c0\u03bf\",\"description\":\"Amvrakikos Cruises - \u039a\u03c1\u03bf\u03c5\u03b1\u03b6\u03b9\u03ad\u03c1\u03b1 \u03c3\u03c4\u03bf\u03bd \u0391\u03bc\u03b2\u03c1\u03b1\u03ba\u03b9\u03ba\u03cc \u039a\u03cc\u03bb\u03c0\u03bf\",\"potentialAction\":[{\"@type\":\"SearchAction\",\"target\":{\"@type\":\"EntryPoint\",\"urlTemplate\":\"https:\/\/amvrakikoscruises.gr\/?s={search_term_string}\"},\"query-input\":{\"@type\":\"PropertyValueSpecification\",\"valueRequired\":true,\"valueName\":\"search_term_string\"}}],\"inLanguage\":\"cs\"}]}<\/script>\n<!-- \/ Yoast SEO plugin. -->","yoast_head_json":{"title":"P\u0159\u00edsp\u011bvek k ochran\u011b Ambrakick\u00e9ho z\u00e1livu - Amvrakikos Cruises - \u039a\u03c1\u03bf\u03c5\u03b1\u03b6\u03b9\u03ad\u03c1\u03b1 \u03c3\u03c4\u03bf\u03bd \u0391\u03bc\u03b2\u03c1\u03b1\u03ba\u03b9\u03ba\u03cc \u039a\u03cc\u03bb\u03c0\u03bf","robots":{"index":"index","follow":"follow","max-snippet":"max-snippet:-1","max-image-preview":"max-image-preview:large","max-video-preview":"max-video-preview:-1"},"canonical":"https:\/\/amvrakikoscruises.gr\/cs\/kdo-jsme\/prispevek-k-ochrane-ambrakickeho-zalivu\/","og_locale":"cs_CZ","og_type":"article","og_title":"P\u0159\u00edsp\u011bvek k ochran\u011b Ambrakick\u00e9ho z\u00e1livu - Amvrakikos Cruises - \u039a\u03c1\u03bf\u03c5\u03b1\u03b6\u03b9\u03ad\u03c1\u03b1 \u03c3\u03c4\u03bf\u03bd \u0391\u03bc\u03b2\u03c1\u03b1\u03ba\u03b9\u03ba\u03cc \u039a\u03cc\u03bb\u03c0\u03bf","og_url":"https:\/\/amvrakikoscruises.gr\/cs\/kdo-jsme\/prispevek-k-ochrane-ambrakickeho-zalivu\/","og_site_name":"Amvrakikos Cruises - \u039a\u03c1\u03bf\u03c5\u03b1\u03b6\u03b9\u03ad\u03c1\u03b1 \u03c3\u03c4\u03bf\u03bd \u0391\u03bc\u03b2\u03c1\u03b1\u03ba\u03b9\u03ba\u03cc \u039a\u03cc\u03bb\u03c0\u03bf","article_modified_time":"2026-02-04T07:53:30+00:00","og_image":[{"width":1920,"height":900,"url":"https:\/\/amvrakikoscruises.gr\/wp-content\/uploads\/2026\/02\/amvrakikos-hero-header.jpg","type":"image\/jpeg"}],"twitter_card":"summary_large_image","schema":{"@context":"https:\/\/schema.org","@graph":[{"@type":"WebPage","@id":"https:\/\/amvrakikoscruises.gr\/cs\/kdo-jsme\/prispevek-k-ochrane-ambrakickeho-zalivu\/","url":"https:\/\/amvrakikoscruises.gr\/cs\/kdo-jsme\/prispevek-k-ochrane-ambrakickeho-zalivu\/","name":"P\u0159\u00edsp\u011bvek k ochran\u011b Ambrakick\u00e9ho z\u00e1livu - Amvrakikos Cruises - \u039a\u03c1\u03bf\u03c5\u03b1\u03b6\u03b9\u03ad\u03c1\u03b1 \u03c3\u03c4\u03bf\u03bd \u0391\u03bc\u03b2\u03c1\u03b1\u03ba\u03b9\u03ba\u03cc \u039a\u03cc\u03bb\u03c0\u03bf","isPartOf":{"@id":"https:\/\/amvrakikoscruises.gr\/#website"},"primaryImageOfPage":{"@id":"https:\/\/amvrakikoscruises.gr\/cs\/kdo-jsme\/prispevek-k-ochrane-ambrakickeho-zalivu\/#primaryimage"},"image":{"@id":"https:\/\/amvrakikoscruises.gr\/cs\/kdo-jsme\/prispevek-k-ochrane-ambrakickeho-zalivu\/#primaryimage"},"thumbnailUrl":"https:\/\/amvrakikoscruises.gr\/wp-content\/uploads\/2026\/02\/amvrakikos-hero-header.jpg","datePublished":"2026-02-01T21:05:41+00:00","dateModified":"2026-02-04T07:53:30+00:00","breadcrumb":{"@id":"https:\/\/amvrakikoscruises.gr\/cs\/kdo-jsme\/prispevek-k-ochrane-ambrakickeho-zalivu\/#breadcrumb"},"inLanguage":"cs","potentialAction":[{"@type":"ReadAction","target":["https:\/\/amvrakikoscruises.gr\/cs\/kdo-jsme\/prispevek-k-ochrane-ambrakickeho-zalivu\/"]}]},{"@type":"ImageObject","inLanguage":"cs","@id":"https:\/\/amvrakikoscruises.gr\/cs\/kdo-jsme\/prispevek-k-ochrane-ambrakickeho-zalivu\/#primaryimage","url":"https:\/\/amvrakikoscruises.gr\/wp-content\/uploads\/2026\/02\/amvrakikos-hero-header.jpg","contentUrl":"https:\/\/amvrakikoscruises.gr\/wp-content\/uploads\/2026\/02\/amvrakikos-hero-header.jpg","width":1920,"height":900},{"@type":"BreadcrumbList","@id":"https:\/\/amvrakikoscruises.gr\/cs\/kdo-jsme\/prispevek-k-ochrane-ambrakickeho-zalivu\/#breadcrumb","itemListElement":[{"@type":"ListItem","position":1,"name":"Home","item":"https:\/\/amvrakikoscruises.gr\/cs\/"},{"@type":"ListItem","position":2,"name":"Kdo jsme","item":"https:\/\/amvrakikoscruises.gr\/cs\/kdo-jsme\/"},{"@type":"ListItem","position":3,"name":"P\u0159\u00edsp\u011bvek k ochran\u011b Ambrakick\u00e9ho z\u00e1livu"}]},{"@type":"WebSite","@id":"https:\/\/amvrakikoscruises.gr\/#website","url":"https:\/\/amvrakikoscruises.gr\/","name":"Amvrakikos Cruises - \u039a\u03c1\u03bf\u03c5\u03b1\u03b6\u03b9\u03ad\u03c1\u03b1 \u03c3\u03c4\u03bf\u03bd \u0391\u03bc\u03b2\u03c1\u03b1\u03ba\u03b9\u03ba\u03cc \u039a\u03cc\u03bb\u03c0\u03bf","description":"Amvrakikos Cruises - \u039a\u03c1\u03bf\u03c5\u03b1\u03b6\u03b9\u03ad\u03c1\u03b1 \u03c3\u03c4\u03bf\u03bd \u0391\u03bc\u03b2\u03c1\u03b1\u03ba\u03b9\u03ba\u03cc \u039a\u03cc\u03bb\u03c0\u03bf","potentialAction":[{"@type":"SearchAction","target":{"@type":"EntryPoint","urlTemplate":"https:\/\/amvrakikoscruises.gr\/?s={search_term_string}"},"query-input":{"@type":"PropertyValueSpecification","valueRequired":true,"valueName":"search_term_string"}}],"inLanguage":"cs"}]}},"_links":{"self":[{"href":"https:\/\/amvrakikoscruises.gr\/cs\/wp-json\/wp\/v2\/pages\/5379","targetHints":{"allow":["GET"]}}],"collection":[{"href":"https:\/\/amvrakikoscruises.gr\/cs\/wp-json\/wp\/v2\/pages"}],"about":[{"href":"https:\/\/amvrakikoscruises.gr\/cs\/wp-json\/wp\/v2\/types\/page"}],"author":[{"embeddable":true,"href":"https:\/\/amvrakikoscruises.gr\/cs\/wp-json\/wp\/v2\/users\/1"}],"replies":[{"embeddable":true,"href":"https:\/\/amvrakikoscruises.gr\/cs\/wp-json\/wp\/v2\/comments?post=5379"}],"version-history":[{"count":3,"href":"https:\/\/amvrakikoscruises.gr\/cs\/wp-json\/wp\/v2\/pages\/5379\/revisions"}],"predecessor-version":[{"id":5382,"href":"https:\/\/amvrakikoscruises.gr\/cs\/wp-json\/wp\/v2\/pages\/5379\/revisions\/5382"}],"up":[{"embeddable":true,"href":"https:\/\/amvrakikoscruises.gr\/cs\/wp-json\/wp\/v2\/pages\/4881"}],"wp:featuredmedia":[{"embeddable":true,"href":"https:\/\/amvrakikoscruises.gr\/cs\/wp-json\/wp\/v2\/media\/5037"}],"wp:attachment":[{"href":"https:\/\/amvrakikoscruises.gr\/cs\/wp-json\/wp\/v2\/media?parent=5379"}],"curies":[{"name":"wp","href":"https:\/\/api.w.org\/{rel}","templated":true}]}}